{"id":35487,"date":"2022-11-10T01:01:54","date_gmt":"2022-11-09T23:01:54","guid":{"rendered":"https:\/\/tytotu.pl\/zamow-test-krok-2\/"},"modified":"2023-04-17T19:39:16","modified_gmt":"2023-04-17T17:39:16","slug":"%d0%b7%d0%b0%d0%bc%d0%be%d0%b2%d1%82%d0%b5-2","status":"publish","type":"page","link":"https:\/\/tytotu.pl\/uk\/%d0%b7%d0%b0%d0%bc%d0%be%d0%b2%d1%82%d0%b5-2\/","title":{"rendered":"Zam\u00f3w test na HIV II"},"content":{"rendered":"<p>[et_pb_section fb_built=&#8221;1&#8243; admin_label=&#8221;section&#8221; _builder_version=&#8221;4.16&#8243; global_colors_info=&#8221;{}&#8221;][et_pb_row _builder_version=&#8221;4.17.4&#8243; _module_preset=&#8221;default&#8221; global_colors_info=&#8221;{}&#8221;][et_pb_column type=&#8221;4_4&#8243; _builder_version=&#8221;4.17.4&#8243; _module_preset=&#8221;default&#8221; global_colors_info=&#8221;{}&#8221;][et_pb_text _builder_version=&#8221;4.20.4&#8243; _module_preset=&#8221;default&#8221; hover_enabled=&#8221;0&#8243; global_colors_info=&#8221;{}&#8221; disabled_on=&#8221;on|on|on&#8221; disabled=&#8221;on&#8221; sticky_enabled=&#8221;0&#8243;]<\/p>\n<h1>Zam\u00f3w bezp\u0142atny test na HIV &#8211; krok II<\/h1>\n<p>&nbsp;<\/p>\n<div class=\"wpforms-container wpforms-container-full\" id=\"wpforms-35368\"><form id=\"wpforms-form-35368\" class=\"wpforms-validate wpforms-form wpforms-ajax-form\" data-formid=\"35368\" method=\"post\" enctype=\"multipart\/form-data\" action=\"\/uk\/wp-json\/wp\/v2\/pages\/35487\" data-token=\"c6049b6c0d41aabd5f162da799bc3666\"><noscript class=\"wpforms-error-noscript\">\u0414\u043b\u044f \u0437\u0430\u043f\u043e\u0432\u043d\u0435\u043d\u043d\u044f \u0446\u0456\u0454\u0457 \u0444\u043e\u0440\u043c\u0438 \u0443\u0432\u0456\u043c\u043a\u043d\u0456\u0442\u044c JavaScript \u0443 \u0431\u0440\u0430\u0443\u0437\u0435\u0440\u0456.<\/noscript><div class=\"wpforms-field-container\"><div id=\"wpforms-35368-field_4-container\" class=\"wpforms-field wpforms-field-select wpforms-field-select-style-classic\" data-field-id=\"4\"><label class=\"wpforms-field-label\" for=\"wpforms-35368-field_4\">Twoja p\u0142e\u0107 <span class=\"wpforms-required-label\">*<\/span><\/label><select id=\"wpforms-35368-field_4\" class=\"wpforms-field-medium wpforms-field-required\" name=\"wpforms[fields][4]\" required=\"required\"><option value=\"M\u0119\u017cczyzna\" >M\u0119\u017cczyzna<\/option><option value=\"Kobieta\" >Kobieta<\/option><option value=\"Transp\u0142ciowa kobieta\" >Transp\u0142ciowa kobieta<\/option><option value=\"Transp\u0142ciowy m\u0119\u017cczyzna\" >Transp\u0142ciowy m\u0119\u017cczyzna<\/option><option value=\"Nonbinary\" >Nonbinary<\/option><option value=\"Inna\" >Inna<\/option><\/select><\/div><div id=\"wpforms-35368-field_5-container\" class=\"wpforms-field wpforms-field-text\" data-field-id=\"5\"><label class=\"wpforms-field-label\" for=\"wpforms-35368-field_5\">Narodowo\u015b\u0107 <span class=\"wpforms-required-label\">*<\/span><\/label><input type=\"text\" id=\"wpforms-35368-field_5\" class=\"wpforms-field-medium wpforms-field-required\" name=\"wpforms[fields][5]\" required><\/div><div id=\"wpforms-35368-field_6-container\" class=\"wpforms-field wpforms-field-text\" data-field-id=\"6\"><label class=\"wpforms-field-label\" for=\"wpforms-35368-field_6\">Ile czasu przebywasz w Polsce<\/label><input type=\"text\" id=\"wpforms-35368-field_6\" class=\"wpforms-field-medium\" name=\"wpforms[fields][6]\" ><\/div><div id=\"wpforms-35368-field_7-container\" class=\"wpforms-field wpforms-field-number\" data-field-id=\"7\"><label class=\"wpforms-field-label\" for=\"wpforms-35368-field_7\">Tw\u00f3j wiek (informujemy, \u017ce test przeznaczone s\u0105 do u\u017cytkowania przez osoby, kt\u00f3re uko\u0144czy\u0142y 18 rok \u017cycia) <span class=\"wpforms-required-label\">*<\/span><\/label><input type=\"number\" pattern=\"\\d*\" id=\"wpforms-35368-field_7\" class=\"wpforms-field-medium wpforms-field-required\" name=\"wpforms[fields][7]\" required><\/div><div id=\"wpforms-35368-field_8-container\" class=\"wpforms-field wpforms-field-textarea\" data-field-id=\"8\"><label class=\"wpforms-field-label\" for=\"wpforms-35368-field_8\">Adres wysy\u0142ki (Prosz\u0119 podaj jak ma by\u0107 zaadresowana koperta) *Istnieje r\u00f3wnie\u017c mo\u017cliwo\u015b\u0107 wys\u0142ania do paczkomatu (decyduj\u0105c si\u0119 na t\u0105 opcj\u0119 wpisz dok\u0142adny adres paczkomatu oraz mail lub nr telefonu na kt\u00f3ry przyjmiesz potwierdzenie dor\u0119czenia) <span class=\"wpforms-required-label\">*<\/span><\/label><textarea id=\"wpforms-35368-field_8\" class=\"wpforms-field-medium wpforms-field-required\" name=\"wpforms[fields][8]\" required><\/textarea><\/div><div id=\"wpforms-35368-field_9-container\" class=\"wpforms-field wpforms-field-text\" data-field-id=\"9\"><label class=\"wpforms-field-label\" for=\"wpforms-35368-field_9\">Kontakt razie problem\u00f3w z wysy\u0142k\u0105 test\u00f3w (mail, telefon lub inny komunikator)* <span class=\"wpforms-required-label\">*<\/span><\/label><input type=\"text\" id=\"wpforms-35368-field_9\" class=\"wpforms-field-medium wpforms-field-required\" name=\"wpforms[fields][9]\" required><\/div><div id=\"wpforms-35368-field_16-container\" class=\"wpforms-field wpforms-field-checkbox\" data-field-id=\"16\"><label class=\"wpforms-field-label\" for=\"wpforms-35368-field_16\">Zgoda na przetwarzanie danych osobowych <span class=\"wpforms-required-label\">*<\/span><\/label><ul id=\"wpforms-35368-field_16\" class=\"wpforms-field-required\"><li class=\"choice-1 depth-1\"><input type=\"checkbox\" id=\"wpforms-35368-field_16_1\" name=\"wpforms[fields][16][]\" value=\"Wyra\u017cam zgod\u0119 na przetwarzanie danych osobowych przez Stowarzyszenie Podwale Siedem w celach zwi\u0105zanych z wysy\u0142k\u0105 bezp\u0142atnego testu na HIV.\" required ><label class=\"wpforms-field-label-inline\" for=\"wpforms-35368-field_16_1\">Wyra\u017cam zgod\u0119 na przetwarzanie danych osobowych przez Stowarzyszenie Podwale Siedem w celach zwi\u0105zanych z wysy\u0142k\u0105 bezp\u0142atnego testu na HIV.<\/label><\/li><\/ul><\/div><\/div><div class=\"wpforms-submit-container\"><input type=\"hidden\" name=\"wpforms[id]\" value=\"35368\"><input type=\"hidden\" name=\"wpforms[author]\" value=\"9\"><button type=\"submit\" name=\"wpforms[submit]\" id=\"wpforms-submit-35368\" class=\"wpforms-submit\" data-alt-text=\"Wysy\u0142anie...\" data-submit-text=\"Wy\u015blij\" aria-live=\"assertive\" value=\"wpforms-submit\">Wy\u015blij<\/button><img decoding=\"async\" src=\"https:\/\/tytotu.pl\/wp-content\/plugins\/wpforms\/assets\/images\/submit-spin.svg\" class=\"wpforms-submit-spinner\" style=\"display: none;\" width=\"26\" height=\"26\" alt=\"\u0417\u0430\u0432\u0430\u043d\u0442\u0430\u0436\u0435\u043d\u043d\u044f\"><\/div><\/form><\/div>  <!-- .wpforms-container -->\n<p>&nbsp;<\/p>\n<p>[\/et_pb_text][\/et_pb_column][\/et_pb_row][\/et_pb_section]<\/p>\n","protected":false},"excerpt":{"rendered":"<p>Zam\u00f3w bezp\u0142atny test na HIV &#8211; krok II &nbsp; <div class=\"wpforms-container wpforms-container-full\" id=\"wpforms-35368\"><form id=\"wpforms-form-35368\" class=\"wpforms-validate wpforms-form wpforms-ajax-form\" data-formid=\"35368\" method=\"post\" enctype=\"multipart\/form-data\" action=\"\/uk\/wp-json\/wp\/v2\/pages\/35487\" data-token=\"c6049b6c0d41aabd5f162da799bc3666\"><noscript class=\"wpforms-error-noscript\">\u0414\u043b\u044f \u0437\u0430\u043f\u043e\u0432\u043d\u0435\u043d\u043d\u044f \u0446\u0456\u0454\u0457 \u0444\u043e\u0440\u043c\u0438 \u0443\u0432\u0456\u043c\u043a\u043d\u0456\u0442\u044c JavaScript \u0443 \u0431\u0440\u0430\u0443\u0437\u0435\u0440\u0456.<\/noscript><div class=\"wpforms-field-container\"><div id=\"wpforms-35368-field_4-container\" class=\"wpforms-field wpforms-field-select wpforms-field-select-style-classic\" data-field-id=\"4\"><label class=\"wpforms-field-label\" for=\"wpforms-35368-field_4\">Twoja p\u0142e\u0107 <span class=\"wpforms-required-label\">*<\/span><\/label><select id=\"wpforms-35368-field_4\" class=\"wpforms-field-medium wpforms-field-required\" name=\"wpforms[fields][4]\" required=\"required\"><option value=\"M\u0119\u017cczyzna\" >M\u0119\u017cczyzna<\/option><option value=\"Kobieta\" >Kobieta<\/option><option value=\"Transp\u0142ciowa kobieta\" >Transp\u0142ciowa kobieta<\/option><option value=\"Transp\u0142ciowy m\u0119\u017cczyzna\" >Transp\u0142ciowy m\u0119\u017cczyzna<\/option><option value=\"Nonbinary\" >Nonbinary<\/option><option value=\"Inna\" >Inna<\/option><\/select><\/div><div id=\"wpforms-35368-field_5-container\" class=\"wpforms-field wpforms-field-text\" data-field-id=\"5\"><label class=\"wpforms-field-label\" for=\"wpforms-35368-field_5\">Narodowo\u015b\u0107 <span class=\"wpforms-required-label\">*<\/span><\/label><input type=\"text\" id=\"wpforms-35368-field_5\" class=\"wpforms-field-medium wpforms-field-required\" name=\"wpforms[fields][5]\" required><\/div><div id=\"wpforms-35368-field_6-container\" class=\"wpforms-field wpforms-field-text\" data-field-id=\"6\"><label class=\"wpforms-field-label\" for=\"wpforms-35368-field_6\">Ile czasu przebywasz w Polsce<\/label><input type=\"text\" id=\"wpforms-35368-field_6\" class=\"wpforms-field-medium\" name=\"wpforms[fields][6]\" ><\/div><div id=\"wpforms-35368-field_7-container\" class=\"wpforms-field wpforms-field-number\" data-field-id=\"7\"><label class=\"wpforms-field-label\" for=\"wpforms-35368-field_7\">Tw\u00f3j wiek (informujemy, \u017ce test przeznaczone s\u0105 do u\u017cytkowania przez osoby, kt\u00f3re uko\u0144czy\u0142y 18 rok \u017cycia) <span class=\"wpforms-required-label\">*<\/span><\/label><input type=\"number\" pattern=\"\\d*\" id=\"wpforms-35368-field_7\" class=\"wpforms-field-medium wpforms-field-required\" name=\"wpforms[fields][7]\" required><\/div><div id=\"wpforms-35368-field_8-container\" class=\"wpforms-field wpforms-field-textarea\" data-field-id=\"8\"><label class=\"wpforms-field-label\" for=\"wpforms-35368-field_8\">Adres wysy\u0142ki (Prosz\u0119 podaj jak ma by\u0107 zaadresowana koperta) *Istnieje r\u00f3wnie\u017c mo\u017cliwo\u015b\u0107 wys\u0142ania do paczkomatu (decyduj\u0105c si\u0119 na t\u0105 opcj\u0119 wpisz dok\u0142adny adres paczkomatu oraz mail lub nr telefonu na kt\u00f3ry przyjmiesz potwierdzenie dor\u0119czenia) <span class=\"wpforms-required-label\">*<\/span><\/label><textarea id=\"wpforms-35368-field_8\" class=\"wpforms-field-medium wpforms-field-required\" name=\"wpforms[fields][8]\" required><\/textarea><\/div><div id=\"wpforms-35368-field_9-container\" class=\"wpforms-field wpforms-field-text\" data-field-id=\"9\"><label class=\"wpforms-field-label\" for=\"wpforms-35368-field_9\">Kontakt razie problem\u00f3w z wysy\u0142k\u0105 test\u00f3w (mail, telefon lub inny komunikator)* <span class=\"wpforms-required-label\">*<\/span><\/label><input type=\"text\" id=\"wpforms-35368-field_9\" class=\"wpforms-field-medium wpforms-field-required\" name=\"wpforms[fields][9]\" required><\/div><div id=\"wpforms-35368-field_16-container\" class=\"wpforms-field wpforms-field-checkbox\" data-field-id=\"16\"><label class=\"wpforms-field-label\" for=\"wpforms-35368-field_16\">Zgoda na przetwarzanie danych osobowych <span class=\"wpforms-required-label\">*<\/span><\/label><ul id=\"wpforms-35368-field_16\" class=\"wpforms-field-required\"><li class=\"choice-1 depth-1\"><input type=\"checkbox\" id=\"wpforms-35368-field_16_1\" name=\"wpforms[fields][16][]\" value=\"Wyra\u017cam zgod\u0119 na przetwarzanie danych osobowych przez Stowarzyszenie Podwale Siedem w celach zwi\u0105zanych z wysy\u0142k\u0105 bezp\u0142atnego testu na HIV.\" required ><label class=\"wpforms-field-label-inline\" for=\"wpforms-35368-field_16_1\">Wyra\u017cam zgod\u0119 na przetwarzanie danych osobowych przez Stowarzyszenie Podwale Siedem w celach zwi\u0105zanych z wysy\u0142k\u0105 bezp\u0142atnego testu na HIV.<\/label><\/li><\/ul><\/div><\/div><div class=\"wpforms-submit-container\"><input type=\"hidden\" name=\"wpforms[id]\" value=\"35368\"><input type=\"hidden\" name=\"wpforms[author]\" value=\"9\"><button type=\"submit\" name=\"wpforms[submit]\" id=\"wpforms-submit-35368\" class=\"wpforms-submit\" data-alt-text=\"Wysy\u0142anie...\" data-submit-text=\"Wy\u015blij\" aria-live=\"assertive\" value=\"wpforms-submit\">Wy\u015blij<\/button><img decoding=\"async\" src=\"https:\/\/tytotu.pl\/wp-content\/plugins\/wpforms\/assets\/images\/submit-spin.svg\" class=\"wpforms-submit-spinner\" style=\"display: none;\" width=\"26\" height=\"26\" alt=\"\u0417\u0430\u0432\u0430\u043d\u0442\u0430\u0436\u0435\u043d\u043d\u044f\"><\/div><\/form><\/div>  <!-- .wpforms-container --> &nbsp;<\/p>\n","protected":false},"author":9,"featured_media":0,"parent":0,"menu_order":0,"comment_status":"closed","ping_status":"closed","template":"","meta":{"_et_pb_use_builder":"on","_et_pb_old_content":"","_et_gb_content_width":"","footnotes":""},"class_list":["post-35487","page","type-page","status-publish","hentry"],"acf":[],"_links":{"self":[{"href":"https:\/\/tytotu.pl\/uk\/wp-json\/wp\/v2\/pages\/35487","targetHints":{"allow":["GET"]}}],"collection":[{"href":"https:\/\/tytotu.pl\/uk\/wp-json\/wp\/v2\/pages"}],"about":[{"href":"https:\/\/tytotu.pl\/uk\/wp-json\/wp\/v2\/types\/page"}],"author":[{"embeddable":true,"href":"https:\/\/tytotu.pl\/uk\/wp-json\/wp\/v2\/users\/9"}],"replies":[{"embeddable":true,"href":"https:\/\/tytotu.pl\/uk\/wp-json\/wp\/v2\/comments?post=35487"}],"version-history":[{"count":1,"href":"https:\/\/tytotu.pl\/uk\/wp-json\/wp\/v2\/pages\/35487\/revisions"}],"predecessor-version":[{"id":36121,"href":"https:\/\/tytotu.pl\/uk\/wp-json\/wp\/v2\/pages\/35487\/revisions\/36121"}],"wp:attachment":[{"href":"https:\/\/tytotu.pl\/uk\/wp-json\/wp\/v2\/media?parent=35487"}],"curies":[{"name":"wp","href":"https:\/\/api.w.org\/{rel}","templated":true}]}}