{"id":35321,"date":"2022-08-29T01:08:53","date_gmt":"2022-08-28T23:08:53","guid":{"rendered":"https:\/\/tytotu.pl\/zamow\/"},"modified":"2023-04-17T19:38:06","modified_gmt":"2023-04-17T17:38:06","slug":"%d0%b7%d0%b0%d0%bc%d0%be%d0%b2%d1%82%d0%b5-1","status":"publish","type":"page","link":"https:\/\/tytotu.pl\/uk\/%d0%b7%d0%b0%d0%bc%d0%be%d0%b2%d1%82%d0%b5-1\/","title":{"rendered":"\u0417\u0430\u043c\u043e\u0432\u0442\u0435 \u0442\u0435\u0441\u0442 \u043d\u0430 \u0412\u0406\u041b"},"content":{"rendered":"<p>[et_pb_section fb_built=&#8221;1&#8243; admin_label=&#8221;section&#8221; _builder_version=&#8221;4.16&#8243; global_colors_info=&#8221;{}&#8221;][et_pb_row _builder_version=&#8221;4.17.4&#8243; _module_preset=&#8221;default&#8221; global_colors_info=&#8221;{}&#8221;][et_pb_column type=&#8221;4_4&#8243; _builder_version=&#8221;4.17.4&#8243; _module_preset=&#8221;default&#8221; global_colors_info=&#8221;{}&#8221;][et_pb_text _builder_version=&#8221;4.20.4&#8243; _module_preset=&#8221;default&#8221; hover_enabled=&#8221;0&#8243; global_colors_info=&#8221;{}&#8221; sticky_enabled=&#8221;0&#8243;]<\/p>\n<h1 style=\"text-align: center;\">\u0417\u0430\u043c\u043e\u0432\u043b\u0435\u043d\u043d\u044f \u043d\u0430 \u0442\u0435\u0441\u0442\u0443\u0432\u0430\u043d\u043d\u044f \u043d\u0430 \u0412\u0406\u041b \u0442\u0438\u043c\u0447\u0430\u0441\u043e\u0432\u043e \u043f\u0440\u0438\u0437\u0443\u043f\u0438\u043d\u0435\u043d\u043e.<\/h1>\n<p style=\"text-align: center;\">\u0406\u043d\u0442\u0435\u0440\u0435\u0441 \u0434\u043e \u0442\u0435\u0441\u0442\u0456\u0432 \u043f\u0435\u0440\u0435\u0432\u0435\u0440\u0448\u0438\u0432 \u043d\u0430\u0448\u0456 \u043e\u0447\u0456\u043a\u0443\u0432\u0430\u043d\u043d\u044f. \u041c\u0438 \u0437\u043c\u0443\u0448\u0435\u043d\u0456 \u0442\u0438\u043c\u0447\u0430\u0441\u043e\u0432\u043e \u043f\u0440\u0438\u0437\u0443\u043f\u0438\u043d\u0438\u0442\u0438 \u043c\u043e\u0436\u043b\u0438\u0432\u0456\u0441\u0442\u044c \u0437\u0430\u043c\u043e\u0432\u043b\u044f\u0442\u0438 \u0442\u0435\u0441\u0442\u0438, \u0449\u043e\u0431 \u043f\u043e\u043f\u043e\u0432\u043d\u0438\u0442\u0438 \u0457\u0445 \u0437\u0430\u043f\u0430\u0441\u0438 \u0442\u0430 \u0434\u043e\u0441\u0442\u0430\u0432\u0438\u0442\u0438 \u0432\u0430\u043c. \u0414\u044f\u043a\u0443\u0454\u043c\u043e, \u0449\u043e \u0432\u0438 \u0437 \u043d\u0430\u043c\u0438, \u0456 \u0441\u043f\u043e\u0434\u0456\u0432\u0430\u0454\u043c\u043e\u0441\u044f \u043d\u0430 \u0440\u043e\u0437\u0443\u043c\u0456\u043d\u043d\u044f! \u041f\u0440\u043e \u0432\u0456\u0434\u043d\u043e\u0432\u043b\u0435\u043d\u043d\u044f \u0437\u0430\u043c\u043e\u0432\u043b\u0435\u043d\u043d\u044f \u0442\u0435\u0441\u0442\u0456\u0432 \u043c\u0438 \u043f\u043e\u0432\u0456\u0434\u043e\u043c\u0438\u043c\u043e \u0432 \u043d\u0430\u0448\u0438\u0445 \u043f\u0440\u043e\u0444\u0456\u043b\u044f\u0445 \u0443 \u0441\u043e\u0446\u043c\u0435\u0440\u0435\u0436\u0430\u0445.<\/p>\n<p style=\"text-align: center;\">[\/et_pb_text][et_pb_text _builder_version=&#8221;4.20.4&#8243; _module_preset=&#8221;default&#8221; hover_enabled=&#8221;0&#8243; global_colors_info=&#8221;{}&#8221; disabled_on=&#8221;on|on|on&#8221; disabled=&#8221;on&#8221; sticky_enabled=&#8221;0&#8243;]<\/p>\n<h1 style=\"text-align: center;\">Zam\u00f3w bezp\u0142atny test na HIV<\/h1>\n<p><span style=\"font-weight: 400;\">Witaj,<\/span><\/p>\n<p><span style=\"font-weight: 400;\">Dzi\u0119kuj\u0119, \u017ce nam zaufa\u0142e\/a\u015b w kwestii swojego zdrowia seksualnego. Aby otrzyma\u0107 darmowy test w kierunku HIV lub\/i pakiet ochrony intymnej prosimy, aby wype\u0142ni\u0107, kr\u00f3tk\u0105 ankiet\u0119. Wi\u0119kszo\u015b\u0107 pyta\u0144 w niej jest dobrowolna i pozostawiamy Ci do decyzji czy chcesz je wype\u0142ni\u0107. Wa\u017cne jest to, \u017ce pytania s\u0105 anonimowe i pojedyncze odpowiedzi nigdzie nie b\u0119d\u0105 udost\u0119pnianie, a wi\u0119c nie b\u0119dzie mo\u017cliwo\u015bci identyfikacji osoby, kt\u00f3ra wype\u0142nia\u0142a ankiet\u0119. Pytania, na kt\u00f3re musz\u0105 zosta\u0107 udzielone odpowiedzi s\u0105 zaznaczone gwiazdkami. Pami\u0119taj po otrzymaniu testu, mo\u017cesz skorzysta\u0107 z bezp\u0142atnej pomocy naszych ekspert\u00f3w na ka\u017cdym etapie pocz\u0105wszy od przygotowania si\u0119 do testowania, przez instrukcj\u0119 obs\u0142ugi na interpretacji wyniku i tym, co dalej sko\u0144czywszy. W sk\u0142ad pakietu ochrony intymnej wchodz\u0105: prezerwatywy, lubrykanty, chusteczki higieniczne.\u00a0<\/span><\/p>\n<p><strong>Wirtualna poradnia zdrowia seksualnego tytotu.pl prowadzona jest przez Stowarzyszenie Podwale Siedem w ramach dofinansowania z WHO oraz funduszy w\u0142asnych.<\/strong><\/p>\n<p>[\/et_pb_text][et_pb_text _builder_version=&#8221;4.20.4&#8243; _module_preset=&#8221;default&#8221; hover_enabled=&#8221;0&#8243; global_colors_info=&#8221;{}&#8221; disabled_on=&#8221;on|on|on&#8221; disabled=&#8221;on&#8221; sticky_enabled=&#8221;0&#8243;]<\/p>\n<div class=\"wpforms-container wpforms-container-full\" id=\"wpforms-35140\"><form id=\"wpforms-form-35140\" class=\"wpforms-validate wpforms-form wpforms-ajax-form\" data-formid=\"35140\" method=\"post\" enctype=\"multipart\/form-data\" action=\"\/uk\/wp-json\/wp\/v2\/pages\/35321\" data-token=\"d6d28447a14668a7c2a49a0cef52a5ca\"><noscript class=\"wpforms-error-noscript\">\u0414\u043b\u044f \u0437\u0430\u043f\u043e\u0432\u043d\u0435\u043d\u043d\u044f \u0446\u0456\u0454\u0457 \u0444\u043e\u0440\u043c\u0438 \u0443\u0432\u0456\u043c\u043a\u043d\u0456\u0442\u044c JavaScript \u0443 \u0431\u0440\u0430\u0443\u0437\u0435\u0440\u0456.<\/noscript><div class=\"wpforms-field-container\"><div id=\"wpforms-35140-field_3-container\" class=\"wpforms-field wpforms-field-select wpforms-field-select-style-classic\" data-field-id=\"3\"><label class=\"wpforms-field-label\" for=\"wpforms-35140-field_3\">Prosz\u0119 poda\u0107 czego potrzebujesz  <span class=\"wpforms-required-label\">*<\/span><\/label><select id=\"wpforms-35140-field_3\" class=\"wpforms-field-medium wpforms-field-required\" name=\"wpforms[fields][3]\" required=\"required\"><option value=\"Test w kierunku HIV \" >Test w kierunku HIV <\/option><option value=\"Pakiet ochrony intymnej\" >Pakiet ochrony intymnej<\/option><option value=\"Test w kierunku HIV i pakiet ochrony intymnej \" >Test w kierunku HIV i pakiet ochrony intymnej <\/option><\/select><\/div><div id=\"wpforms-35140-field_4-container\" class=\"wpforms-field wpforms-field-select wpforms-field-select-style-classic\" data-field-id=\"4\"><label class=\"wpforms-field-label\" for=\"wpforms-35140-field_4\">Twoja p\u0142e\u0107 <span class=\"wpforms-required-label\">*<\/span><\/label><select id=\"wpforms-35140-field_4\" class=\"wpforms-field-medium wpforms-field-required\" name=\"wpforms[fields][4]\" required=\"required\"><option value=\"M\u0119\u017cczyzna\" >M\u0119\u017cczyzna<\/option><option value=\"Kobieta\" >Kobieta<\/option><option value=\"Transp\u0142ciowa kobieta\" >Transp\u0142ciowa kobieta<\/option><option value=\"Transp\u0142ciowy m\u0119\u017cczyzna\" >Transp\u0142ciowy m\u0119\u017cczyzna<\/option><option value=\"Nonbinary\" >Nonbinary<\/option><option value=\"Inna\" >Inna<\/option><\/select><\/div><div id=\"wpforms-35140-field_5-container\" class=\"wpforms-field wpforms-field-text\" data-field-id=\"5\"><label class=\"wpforms-field-label\" for=\"wpforms-35140-field_5\">Narodowo\u015b\u0107 <span class=\"wpforms-required-label\">*<\/span><\/label><input type=\"text\" id=\"wpforms-35140-field_5\" class=\"wpforms-field-medium wpforms-field-required\" name=\"wpforms[fields][5]\" required><\/div><div id=\"wpforms-35140-field_6-container\" class=\"wpforms-field wpforms-field-text\" data-field-id=\"6\"><label class=\"wpforms-field-label\" for=\"wpforms-35140-field_6\">Ile czasu przebywasz w Polsce<\/label><input type=\"text\" id=\"wpforms-35140-field_6\" class=\"wpforms-field-medium\" name=\"wpforms[fields][6]\" ><\/div><div id=\"wpforms-35140-field_7-container\" class=\"wpforms-field wpforms-field-number\" data-field-id=\"7\"><label class=\"wpforms-field-label\" for=\"wpforms-35140-field_7\">Tw\u00f3j wiek (informujemy, \u017ce test przeznaczone s\u0105 do u\u017cytkowania przez osoby, kt\u00f3re uko\u0144czy\u0142y 18 rok \u017cycia) <span class=\"wpforms-required-label\">*<\/span><\/label><input type=\"number\" pattern=\"\\d*\" id=\"wpforms-35140-field_7\" class=\"wpforms-field-medium wpforms-field-required\" name=\"wpforms[fields][7]\" required><\/div><div id=\"wpforms-35140-field_8-container\" class=\"wpforms-field wpforms-field-textarea\" data-field-id=\"8\"><label class=\"wpforms-field-label\" for=\"wpforms-35140-field_8\">Adres wysy\u0142ki (Prosz\u0119 podaj jak ma by\u0107 zaadresowana koperta) <span class=\"wpforms-required-label\">*<\/span><\/label><textarea id=\"wpforms-35140-field_8\" class=\"wpforms-field-medium wpforms-field-required\" name=\"wpforms[fields][8]\" required><\/textarea><\/div><div id=\"wpforms-35140-field_9-container\" class=\"wpforms-field wpforms-field-text\" data-field-id=\"9\"><label class=\"wpforms-field-label\" for=\"wpforms-35140-field_9\">Kontakt razie problem\u00f3w z wysy\u0142k\u0105 test\u00f3w (mail, telefon lub inny komunikator)* <span class=\"wpforms-required-label\">*<\/span><\/label><input type=\"text\" id=\"wpforms-35140-field_9\" class=\"wpforms-field-medium wpforms-field-required\" name=\"wpforms[fields][9]\" required><\/div><div id=\"wpforms-35140-field_12-container\" class=\"wpforms-field wpforms-field-select wpforms-field-select-style-classic\" data-field-id=\"12\"><label class=\"wpforms-field-label\" for=\"wpforms-35140-field_12\">Czy kiedykolwiek wcze\u015bniej wykonywa\u0142e\u015b\/a\u015b test w kierunku HIV?<\/label><select id=\"wpforms-35140-field_12\" class=\"wpforms-field-medium\" name=\"wpforms[fields][12]\"><option value=\"Tak, 1 raz\" >Tak, 1 raz<\/option><option value=\"Tak, 2 razy\" >Tak, 2 razy<\/option><option value=\"Tak, 3 razy i wi\u0119cej\" >Tak, 3 razy i wi\u0119cej<\/option><option value=\"Badam si\u0119 regularnie\" >Badam si\u0119 regularnie<\/option><option value=\"Nie, to jest m\u00f3j pierwszy test\" >Nie, to jest m\u00f3j pierwszy test<\/option><\/select><\/div><div id=\"wpforms-35140-field_13-container\" class=\"wpforms-field wpforms-field-text\" data-field-id=\"13\"><label class=\"wpforms-field-label\" for=\"wpforms-35140-field_13\">Je\u017celi wykonywa\u0142e\u015b ju\u017c test, podaj dat\u0119 ostatniego.<\/label><input type=\"text\" id=\"wpforms-35140-field_13\" class=\"wpforms-field-medium\" name=\"wpforms[fields][13]\" ><\/div><div id=\"wpforms-35140-field_14-container\" class=\"wpforms-field wpforms-field-text\" data-field-id=\"14\"><label class=\"wpforms-field-label\" for=\"wpforms-35140-field_14\">Je\u015bli mo\u017cesz, podaj pow\u00f3d zam\u00f3wienia testu (np. ryzykowny kontakt seksualny, ciekawo\u015b\u0107, badanie profilaktyczne, nigdy tego nie robi\u0142e\/am a czuj\u0119, \u017ce potrzebuj\u0119, brak innej mo\u017cliwo\u015bci, mieszkam daleko od miasta, wstydz\u0119 si\u0119 i\u015b\u0107 do lekarza) <\/label><input type=\"text\" id=\"wpforms-35140-field_14\" class=\"wpforms-field-medium\" name=\"wpforms[fields][14]\" ><\/div><div id=\"wpforms-35140-field_15-container\" class=\"wpforms-field wpforms-field-select wpforms-field-select-style-classic\" data-field-id=\"15\"><label class=\"wpforms-field-label\" for=\"wpforms-35140-field_15\">Je\u015bli mo\u017cesz podaj swoj\u0105 orientacj\u0119 seksualn\u0105<\/label><select id=\"wpforms-35140-field_15\" class=\"wpforms-field-medium\" name=\"wpforms[fields][15]\"><option value=\"Heteroseksualna\" >Heteroseksualna<\/option><option value=\"G\u0142\u00f3wnie heteroseksualna\" >G\u0142\u00f3wnie heteroseksualna<\/option><option value=\"Biseksualna\" >Biseksualna<\/option><option value=\"G\u0142\u00f3wnie biseksualna\" >G\u0142\u00f3wnie biseksualna<\/option><option value=\"Homoseksualna\" >Homoseksualna<\/option><option value=\"Aseksualna\" >Aseksualna<\/option><option value=\"Inna\" >Inna<\/option><\/select><\/div><div id=\"wpforms-35140-field_16-container\" class=\"wpforms-field wpforms-field-checkbox\" data-field-id=\"16\"><label class=\"wpforms-field-label\" for=\"wpforms-35140-field_16\">Zgoda na przetwarzanie danych osobowych <span class=\"wpforms-required-label\">*<\/span><\/label><ul id=\"wpforms-35140-field_16\" class=\"wpforms-field-required\"><li class=\"choice-1 depth-1\"><input type=\"checkbox\" id=\"wpforms-35140-field_16_1\" name=\"wpforms[fields][16][]\" value=\"Wyra\u017cam zgod\u0119 na przetwarzanie danych osobowych przez Stowarzyszenie Podwale Siedem w celach zwi\u0105zanych z wysy\u0142k\u0105 bezp\u0142atnego testu na HIV.\" required ><label class=\"wpforms-field-label-inline\" for=\"wpforms-35140-field_16_1\">Wyra\u017cam zgod\u0119 na przetwarzanie danych osobowych przez Stowarzyszenie Podwale Siedem w celach zwi\u0105zanych z wysy\u0142k\u0105 bezp\u0142atnego testu na HIV.<\/label><\/li><\/ul><\/div><\/div><div class=\"wpforms-submit-container\"><input type=\"hidden\" name=\"wpforms[id]\" value=\"35140\"><input type=\"hidden\" name=\"wpforms[author]\" value=\"9\"><button type=\"submit\" name=\"wpforms[submit]\" id=\"wpforms-submit-35140\" class=\"wpforms-submit\" data-alt-text=\"Wysy\u0142anie...\" data-submit-text=\"Wy\u015blij\" aria-live=\"assertive\" value=\"wpforms-submit\">Wy\u015blij<\/button><img decoding=\"async\" src=\"https:\/\/tytotu.pl\/wp-content\/plugins\/wpforms\/assets\/images\/submit-spin.svg\" class=\"wpforms-submit-spinner\" style=\"display: none;\" width=\"26\" height=\"26\" alt=\"\u0417\u0430\u0432\u0430\u043d\u0442\u0430\u0436\u0435\u043d\u043d\u044f\"><\/div><\/form><\/div>  <!-- .wpforms-container -->\n<p>[\/et_pb_text][\/et_pb_column][\/et_pb_row][\/et_pb_section]<\/p>\n","protected":false},"excerpt":{"rendered":"<p>\u0417\u0430\u043c\u043e\u0432\u043b\u0435\u043d\u043d\u044f \u043d\u0430 \u0442\u0435\u0441\u0442\u0443\u0432\u0430\u043d\u043d\u044f \u043d\u0430 \u0412\u0406\u041b \u0442\u0438\u043c\u0447\u0430\u0441\u043e\u0432\u043e \u043f\u0440\u0438\u0437\u0443\u043f\u0438\u043d\u0435\u043d\u043e. \u0406\u043d\u0442\u0435\u0440\u0435\u0441 \u0434\u043e \u0442\u0435\u0441\u0442\u0456\u0432 \u043f\u0435\u0440\u0435\u0432\u0435\u0440\u0448\u0438\u0432 \u043d\u0430\u0448\u0456 \u043e\u0447\u0456\u043a\u0443\u0432\u0430\u043d\u043d\u044f. \u041c\u0438 \u0437\u043c\u0443\u0448\u0435\u043d\u0456 \u0442\u0438\u043c\u0447\u0430\u0441\u043e\u0432\u043e \u043f\u0440\u0438\u0437\u0443\u043f\u0438\u043d\u0438\u0442\u0438 \u043c\u043e\u0436\u043b\u0438\u0432\u0456\u0441\u0442\u044c \u0437\u0430\u043c\u043e\u0432\u043b\u044f\u0442\u0438 \u0442\u0435\u0441\u0442\u0438, \u0449\u043e\u0431 \u043f\u043e\u043f\u043e\u0432\u043d\u0438\u0442\u0438 \u0457\u0445 \u0437\u0430\u043f\u0430\u0441\u0438 \u0442\u0430 \u0434\u043e\u0441\u0442\u0430\u0432\u0438\u0442\u0438 \u0432\u0430\u043c. \u0414\u044f\u043a\u0443\u0454\u043c\u043e, \u0449\u043e \u0432\u0438 \u0437 \u043d\u0430\u043c\u0438, \u0456 \u0441\u043f\u043e\u0434\u0456\u0432\u0430\u0454\u043c\u043e\u0441\u044f \u043d\u0430 \u0440\u043e\u0437\u0443\u043c\u0456\u043d\u043d\u044f! \u041f\u0440\u043e \u0432\u0456\u0434\u043d\u043e\u0432\u043b\u0435\u043d\u043d\u044f \u0437\u0430\u043c\u043e\u0432\u043b\u0435\u043d\u043d\u044f \u0442\u0435\u0441\u0442\u0456\u0432 \u043c\u0438 \u043f\u043e\u0432\u0456\u0434\u043e\u043c\u0438\u043c\u043e \u0432 \u043d\u0430\u0448\u0438\u0445 \u043f\u0440\u043e\u0444\u0456\u043b\u044f\u0445 \u0443 \u0441\u043e\u0446\u043c\u0435\u0440\u0435\u0436\u0430\u0445. Zam\u00f3w bezp\u0142atny test na HIV Witaj, Dzi\u0119kuj\u0119, \u017ce [&hellip;]<\/p>\n","protected":false},"author":9,"featured_media":0,"parent":0,"menu_order":0,"comment_status":"closed","ping_status":"closed","template":"","meta":{"_et_pb_use_builder":"on","_et_pb_old_content":"","_et_gb_content_width":"","footnotes":""},"class_list":["post-35321","page","type-page","status-publish","hentry"],"acf":[],"_links":{"self":[{"href":"https:\/\/tytotu.pl\/uk\/wp-json\/wp\/v2\/pages\/35321","targetHints":{"allow":["GET"]}}],"collection":[{"href":"https:\/\/tytotu.pl\/uk\/wp-json\/wp\/v2\/pages"}],"about":[{"href":"https:\/\/tytotu.pl\/uk\/wp-json\/wp\/v2\/types\/page"}],"author":[{"embeddable":true,"href":"https:\/\/tytotu.pl\/uk\/wp-json\/wp\/v2\/users\/9"}],"replies":[{"embeddable":true,"href":"https:\/\/tytotu.pl\/uk\/wp-json\/wp\/v2\/comments?post=35321"}],"version-history":[{"count":1,"href":"https:\/\/tytotu.pl\/uk\/wp-json\/wp\/v2\/pages\/35321\/revisions"}],"predecessor-version":[{"id":36119,"href":"https:\/\/tytotu.pl\/uk\/wp-json\/wp\/v2\/pages\/35321\/revisions\/36119"}],"wp:attachment":[{"href":"https:\/\/tytotu.pl\/uk\/wp-json\/wp\/v2\/media?parent=35321"}],"curies":[{"name":"wp","href":"https:\/\/api.w.org\/{rel}","templated":true}]}}